{"id":9792,"date":"2020-02-23T16:00:44","date_gmt":"2020-02-23T19:00:44","guid":{"rendered":"http:\/\/advsalles.com.br\/pri\/?page_id=9792"},"modified":"2025-10-13T18:46:54","modified_gmt":"2025-10-13T21:46:54","slug":"quem-somos","status":"publish","type":"page","link":"https:\/\/advsalles.com.br\/pri\/quem-somos\/","title":{"rendered":"Quem Somos"},"content":{"rendered":"<p>[vc_row width_100=&#8221;yes&#8221; parallax_speed=&#8221;4&#8243; parallax_x=&#8221;4&#8243; parallax_y=&#8221;4&#8243; el_class=&#8221;mobile_no_margin_bot&#8221;][vc_column][rev_slider_vc alias=&#8221;homepage&#8221;][\/vc_column][\/vc_row][vc_row][vc_column][vc_custom_heading text=&#8221;Quem Somos&#8221; font_container=&#8221;tag:h2|font_size:30|text_align:center|color:%2323282d&#8221; google_fonts=&#8221;font_family:PT%20Serif%3Aregular%2Citalic%2C700%2C700italic|font_style:700%20bold%20regular%3A700%3Anormal&#8221;][\/vc_column][\/vc_row][vc_row parallax_speed=&#8221;4&#8243; parallax_x=&#8221;4&#8243; parallax_y=&#8221;4&#8243; css=&#8221;.vc_custom_1582485882022{margin-top: -90px !important;margin-bottom: -90px !important;padding-top: 20px !important;padding-bottom: 60px !important;background: #faf6f7 url(http:\/\/advsalles.com.br\/pri\/wp-content\/uploads\/2015\/04\/bg-main.jpg?id=152) !important;background-position: 0 0 !important;background-repeat: repeat !important;}&#8221;][vc_column][vc_custom_heading text=&#8221;Experi\u00eancia, agilidade e inova\u00e7\u00e3o: tr\u00eas compet\u00eancias que marcam nosso DNA. Com expertise nas mais diversas \u00e1reas jur\u00eddicas, somos capazes de fornecer solu\u00e7\u00f5es criativas para as necessidades de nossos clientes nacionais e internacionais e proteger suas atividades. A multidisciplinaridade tem sido a marca do nosso trabalho desde que entramos no mercado em 1999, nos dando um profundo conhecimento dos setores p\u00fablico e privado. Isso nos habilita a entender a complexidade das quest\u00f5es apresentadas pelos clientes e a respond\u00ea-las com rapidez e criatividade.&#8221; font_container=&#8221;tag:h2|font_size:16|text_align:left|color:%23666666|line_height:2&#8243; google_fonts=&#8221;font_family:PT%20Serif%3Aregular%2Citalic%2C700%2C700italic|font_style:400%20italic%3A400%3Aitalic&#8221;][vc_empty_space height=&#8221;30&#8243;][vc_single_image image=&#8221;10184&#8243; img_size=&#8221;full&#8221;][vc_empty_space][vc_separator color=&#8221;custom&#8221; accent_color=&#8221;#c29a17&#8243;][vc_custom_heading text=&#8221;Profissionais&#8221; font_container=&#8221;tag:h2|font_size:30|text_align:center|color:%2323282d&#8221; google_fonts=&#8221;font_family:PT%20Serif%3Aregular%2Citalic%2C700%2C700italic|font_style:700%20bold%20regular%3A700%3Anormal&#8221;][vc_row_inner][vc_column_inner width=&#8221;2\/3&#8243;][vc_column_text]<\/p>\n<h5>Dra. Priscila Salles OAB-PR 73560<\/h5>\n<p>Advogada\u00a0 formada pela Universidade para o Desenvolvimento do Estado e da Regi\u00e3o do Pantanal (UNIDERP);<\/p>\n<p>P\u00f3s-graduada em Direito empresarial pelo Centro Jur\u00eddico Professor Luiz Fl\u00e1vio Gomes;<\/p>\n<p>P\u00f3s-graduada em Psicologia Jur\u00eddica e Criminologia pela Universidade Presbiteriana Mackenzie;<\/p>\n<p>P\u00f3s-graduada em Privacidade e Prote\u00e7\u00e3o de Dados na Escola da Magistratura Federal do Paran\u00e1.<\/p>\n<p>P\u00f3s-graduada em Direito Processual Civil na Escola da Magistratura Federal do Paran\u00e1.<\/p>\n<p>Membro da Comiss\u00e3o de Direito das Fam\u00edlias OAB\/PR.(2022-2024).<\/p>\n<p>Fornecedora Homologada pela ABF \u2013 ASSOCIA\u00c7\u00c3O BRASILEIRA DE FRANCHISING.<\/p>\n<div class=\"grid gap-1\">\n<div class=\"text-muted-foreground text-sm break-w comments-content\">\n<p>Membro da Comiss\u00e3o de\u00a0COMPLIANCE E GOVERNAN\u00c7A JUR\u00cdDICA OAB\/PR.(2025-2027).<\/p>\n<p>Membro Relator da comiss\u00e3o de Sucess\u00f5es e Holding (2025 &#8211; 2028)<\/p>\n<\/div>\n<\/div>\n<p>[\/vc_column_text][vc_custom_heading text=&#8221;Certifica\u00e7\u00f5es&#8221; font_container=&#8221;tag:h2|font_size:30|text_align:center|color:%2323282d&#8221; google_fonts=&#8221;font_family:PT%20Serif%3Aregular%2Citalic%2C700%2C700italic|font_style:700%20bold%20regular%3A700%3Anormal&#8221;][vc_media_grid gap=&#8221;20&#8243; grid_id=&#8221;vc_gid:1760391789246-6defa63001f5a1122536d3dbc0ffdb40-9&#8243; include=&#8221;10189,10188,10187&#8243;][\/vc_column_inner][vc_column_inner width=&#8221;1\/3&#8243;][vc_single_image image=&#8221;10193&#8243; img_size=&#8221;full&#8221;][\/vc_column_inner][\/vc_row_inner][vc_empty_space][vc_separator color=&#8221;custom&#8221; accent_color=&#8221;#c29a17&#8243;][vc_empty_space][vc_row_inner][vc_column_inner width=&#8221;2\/3&#8243;][vc_column_text]<strong><span style=\"color: #808080;\">Dra. Jessica Padilha Damasceno | OAB MS\u00a0 21775\u00a0\u00a0<\/span><\/strong><\/p>\n<p><span style=\"color: #808080;\">Advogada formada pela Faculdade Anhanguera &#8211; Unaes.<\/span>[\/vc_column_text][\/vc_column_inner][vc_column_inner width=&#8221;1\/3&#8243;][vc_single_image image=&#8221;10058&#8243; img_size=&#8221;full&#8221; alignment=&#8221;center&#8221;][\/vc_column_inner][\/vc_row_inner][vc_empty_space][vc_separator color=&#8221;custom&#8221; accent_color=&#8221;#c29a17&#8243;][vc_empty_space][vc_row_inner][vc_column_inner width=&#8221;2\/3&#8243;][vc_column_text]<strong><span style=\"color: #808080;\">Dra. Eliane Moraes de Almeida | OAB\/PR 53.378\u00a0\u00a0<\/span><\/strong><\/p>\n<p>Advogada formada pela Universidade da Amaz\u00f4nia (UNAMA), P\u00f3s graduada em Direito Internacional pela Escola Superior de Advocacia da OAB-SP\/ESA, com extens\u00e3o na Internationale Akademie f\u00fcr F\u00fchrungskr\u00e4fte \u2013 IAF \/ Alemanha. Palestrante e Pesquisadora pelo UNICURITIBA, vinculada ao Grupo de Pesquisa de Direito da Sa\u00fade e Empresas M\u00e9dicas, coordenado pelo Desembargador Prof. Dr. Miguel Kfouri Neto. Palestrou em diversas Universidades, tais como: UNESC, FICR e UBA na Argentina. Atuou no Programa DEDICA \u2013 Defesa dos Direitos das Crian\u00e7as e Adolescentes\u2013AAHC\/Hospital das Cl\u00ednicas de Curitiba. Foi Vice-Presidente do Rotary Club de Campo Largo-Centro.<br \/>\n<a href=\"https:\/\/instagram.com\/onovodireitomedico\"><img decoding=\"async\" style=\"width: 209px;\" src=\"https:\/\/advsalles.com.br\/pri\/wp-content\/uploads\/2023\/07\/pngwing.com_.png\" \/><\/a>[\/vc_column_text][\/vc_column_inner][vc_column_inner width=&#8221;1\/3&#8243;][vc_single_image image=&#8221;9921&#8243; img_size=&#8221;full&#8221; alignment=&#8221;center&#8221;][\/vc_column_inner][\/vc_row_inner][\/vc_column][\/vc_row]<\/p>\n","protected":false},"excerpt":{"rendered":"<p>[vc_row width_100=&#8221;yes&#8221; parallax_speed=&#8221;4&#8243; parallax_x=&#8221;4&#8243; parallax_y=&#8221;4&#8243; el_class=&#8221;mobile_no_margin_bot&#8221;][vc_column][rev_slider_vc alias=&#8221;homepage&#8221;][\/vc_column][\/vc_row][vc_row][vc_column][vc_custom_heading text=&#8221;Quem Somos&#8221; font_container=&#8221;tag:h2|font_size:30|text_align:center|color:%2323282d&#8221; google_fonts=&#8221;font_family:PT%20Serif%3Aregular%2Citalic%2C700%2C700italic|font_style:700%20bold%20regular%3A700%3Anormal&#8221;][\/vc_column][\/vc_row][vc_row parallax_speed=&#8221;4&#8243; parallax_x=&#8221;4&#8243; parallax_y=&#8221;4&#8243; css=&#8221;.vc_custom_1582485882022{margin-top: -90px !important;margin-bottom: -90px !important;padding-top: 20px !important;padding-bottom: 60px !important;background: #faf6f7 url(http:\/\/advsalles.com.br\/pri\/wp-content\/uploads\/2015\/04\/bg-main.jpg?id=152) !important;background-position: 0 0 !important;background-repeat: repeat !important;}&#8221;][vc_column][vc_custom_heading text=&#8221;Experi\u00eancia, agilidade e inova\u00e7\u00e3o: tr\u00eas compet\u00eancias que marcam nosso DNA. Com expertise nas mais diversas \u00e1reas jur\u00eddicas, somos capazes de fornecer solu\u00e7\u00f5es criativas para [&hellip;]<\/p>\n","protected":false},"author":1,"featured_media":0,"parent":0,"menu_order":0,"comment_status":"closed","ping_status":"closed","template":"templates\/page-fullwidth.php","meta":{"footnotes":""},"class_list":["post-9792","page","type-page","status-publish","hentry","no-post-thumbnail"],"_links":{"self":[{"href":"https:\/\/advsalles.com.br\/pri\/wp-json\/wp\/v2\/pages\/9792"}],"collection":[{"href":"https:\/\/advsalles.com.br\/pri\/wp-json\/wp\/v2\/pages"}],"about":[{"href":"https:\/\/advsalles.com.br\/pri\/wp-json\/wp\/v2\/types\/page"}],"author":[{"embeddable":true,"href":"https:\/\/advsalles.com.br\/pri\/wp-json\/wp\/v2\/users\/1"}],"replies":[{"embeddable":true,"href":"https:\/\/advsalles.com.br\/pri\/wp-json\/wp\/v2\/comments?post=9792"}],"version-history":[{"count":75,"href":"https:\/\/advsalles.com.br\/pri\/wp-json\/wp\/v2\/pages\/9792\/revisions"}],"predecessor-version":[{"id":10194,"href":"https:\/\/advsalles.com.br\/pri\/wp-json\/wp\/v2\/pages\/9792\/revisions\/10194"}],"wp:attachment":[{"href":"https:\/\/advsalles.com.br\/pri\/wp-json\/wp\/v2\/media?parent=9792"}],"curies":[{"name":"wp","href":"https:\/\/api.w.org\/{rel}","templated":true}]}}