{"id":9,"date":"2015-04-04T03:26:12","date_gmt":"2015-04-04T03:26:12","guid":{"rendered":"http:\/\/advsalles.com.br\/pri\/?page_id=9"},"modified":"2026-04-16T13:48:28","modified_gmt":"2026-04-16T16:48:28","slug":"home","status":"publish","type":"page","link":"https:\/\/advsalles.com.br\/pri\/","title":{"rendered":"Home"},"content":{"rendered":"<p>[vc_row width_100=&#8221;yes&#8221; parallax_speed=&#8221;4&#8243; parallax_x=&#8221;4&#8243; parallax_y=&#8221;4&#8243; el_class=&#8221;mobile_no_margin_bot&#8221;][vc_column][rev_slider_vc alias=&#8221;homepage&#8221;][\/vc_column][\/vc_row][vc_row parallax_speed=&#8221;4&#8243; parallax_x=&#8221;4&#8243; parallax_y=&#8221;4&#8243; css=&#8221;.vc_custom_1582469396594{padding-top: 20px !important;padding-bottom: 30px !important;background-image: url(http:\/\/advsalles.com.br\/pri\/wp-content\/uploads\/2015\/04\/bg-main.jpg?id=152) !important;background-position: 0 0 !important;background-repeat: repeat !important;}&#8221;][vc_column width=&#8221;2\/3&#8243;][vc_custom_heading text=&#8221;Experi\u00eancia, agilidade e inova\u00e7\u00e3o: tr\u00eas compet\u00eancias que marcam nosso DNA. Com expertise nas mais diversas \u00e1reas jur\u00eddicas, somos capazes de fornecer solu\u00e7\u00f5es criativas para as necessidades de nossos clientes nacionais e internacionais e proteger suas atividades. A multidisciplinaridade tem sido a marca do nosso trabalho desde que entramos no mercado em 1999, nos dando um profundo conhecimento dos setores p\u00fablico e privado. Isso nos habilita a entender a complexidade das quest\u00f5es apresentadas pelos clientes e a respond\u00ea-las com rapidez e criatividade.&#8221; font_container=&#8221;tag:h2|font_size:16|text_align:left|color:%23666666|line_height:2&#8243; google_fonts=&#8221;font_family:Andada%3Aregular|font_style:400%20regular%3A400%3Anormal&#8221;][vc_empty_space height=&#8221;30px&#8221;][vc_single_image image=&#8221;10184&#8243; img_size=&#8221;full&#8221;][\/vc_column][vc_column width=&#8221;1\/3&#8243;][vc_raw_html]JTNDYmxvY2txdW90ZSUyMGNsYXNzJTNEJTIyaW5zdGFncmFtLW1lZGlhJTIyJTIwZGF0YS1pbnN0Z3JtLXBlcm1hbGluayUzRCUyMmh0dHBzJTNBJTJGJTJGd3d3Lmluc3RhZ3JhbS5jb20lMkZwJTJGRFhNZS1OdURzT1glMkYlM0Z1dG1fc291cmNlJTNEaWdfZW1iZWQlMjZhbXAlM0J1dG1fY2FtcGFpZ24lM0Rsb2FkaW5nJTIyJTIwZGF0YS1pbnN0Z3JtLXZlcnNpb24lM0QlMjIxNCUyMiUyMHN0eWxlJTNEJTIyJTIwYmFja2dyb3VuZCUzQSUyM0ZGRiUzQiUyMGJvcmRlciUzQTAlM0IlMjBib3JkZXItcmFkaXVzJTNBM3B4JTNCJTIwYm94LXNoYWRvdyUzQTAlMjAwJTIwMXB4JTIwMCUyMHJnYmElMjgwJTJDMCUyQzAlMkMwLjUlMjklMkMwJTIwMXB4JTIwMTBweCUyMDAlMjByZ2JhJTI4MCUyQzAlMkMwJTJDMC4xNSUyOSUzQiUyMG1hcmdpbiUzQSUyMDFweCUzQiUyMG1heC13aWR0aCUzQTU0MHB4JTNCJTIwbWluLXdpZHRoJTNBMzI2cHglM0IlMjBwYWRkaW5nJTNBMCUzQiUyMHdpZHRoJTNBOTkuMzc1JTI1JTNCJTIwd2lkdGglM0Etd2Via2l0LWNhbGMlMjgxMDAlMjUlMjAtJTIwMnB4JTI5JTNCJTIwd2lkdGglM0FjYWxjJTI4MTAwJTI1JTIwLSUyMDJweCUyOSUzQiUyMiUzRSUzQ2RpdiUyMHN0eWxlJTNEJTIycGFkZGluZyUzQTE2cHglM0IlMjIlM0UlMjAlM0NhJTIwaHJlZiUzRCUyMmh0dHBzJTNBJTJGJTJGd3d3Lmluc3RhZ3JhbS5jb20lMkZwJTJGRFhNZS1OdURzT1glMkYlM0Z1dG1fc291cmNlJTNEaWdfZW1iZWQlMjZhbXAlM0J1dG1fY2FtcGFpZ24lM0Rsb2FkaW5nJTIyJTIwc3R5bGUlM0QlMjIlMjBiYWNrZ3JvdW5kJTNBJTIzRkZGRkZGJTNCJTIwbGluZS1oZWlnaHQlM0EwJTNCJTIwcGFkZGluZyUzQTAlMjAwJTNCJTIwdGV4dC1hbGlnbiUzQWNlbnRlciUzQiUyMHRleHQtZGVjb3JhdGlvbiUzQW5vbmUlM0IlMjB3aWR0aCUzQTEwMCUyNSUzQiUyMiUyMHRhcmdldCUzRCUyMl9ibGFuayUyMiUzRSUyMCUzQ2RpdiUyMHN0eWxlJTNEJTIyJTIwZGlzcGxheSUzQSUyMGZsZXglM0IlMjBmbGV4LWRpcmVjdGlvbiUzQSUyMHJvdyUzQiUyMGFsaWduLWl0ZW1zJTNBJTIwY2VudGVyJTNCJTIyJTNFJTIwJTNDZGl2JTIwc3R5bGUlM0QlMjJiYWNrZ3JvdW5kLWNvbG9yJTNBJTIwJTIzRjRGNEY0JTNCJTIwYm9yZGVyLXJhZGl1cyUzQSUyMDUwJTI1JTNCJTIwZmxleC1ncm93JTNBJTIwMCUzQiUyMGhlaWdodCUzQSUyMDQwcHglM0IlMjBtYXJnaW4tcmlnaHQlM0ElMjAxNHB4JTNCJTIwd2lkdGglM0ElMjA0MHB4JTNCJTIyJTNFJTNDJTJGZGl2JTNFJTIwJTNDZGl2JTIwc3R5bGUlM0QlMjJkaXNwbGF5JTNBJTIwZmxleCUzQiUyMGZsZXgtZGlyZWN0aW9uJTNBJTIwY29sdW1uJTNCJTIwZmxleC1ncm93JTNBJTIwMSUzQiUyMGp1c3RpZnktY29udGVudCUzQSUyMGNlbnRlciUzQiUyMiUzRSUyMCUzQ2RpdiUyMHN0eWxlJTNEJTIyJTIwYmFja2dyb3VuZC1jb2xvciUzQSUyMCUyM0Y0RjRGNCUzQiUyMGJvcmRlci1yYWRpdXMlM0ElMjA0cHglM0IlMjBmbGV4LWdyb3clM0ElMjAwJTNCJTIwaGVpZ2h0JTNBJTIwMTRweCUzQiUyMG1hcmdpbi1ib3R0b20lM0ElMjA2cHglM0IlMjB3aWR0aCUzQSUyMDEwMHB4JTNCJTIyJTNFJTNDJTJGZGl2JTNFJTIwJTNDZGl2JTIwc3R5bGUlM0QlMjIlMjBiYWNrZ3JvdW5kLWNvbG9yJTNBJTIwJTIzRjRGNEY0JTNCJTIwYm9yZGVyLXJhZGl1cyUzQSUyMDRweCUzQiUyMGZsZXgtZ3JvdyUzQSUyMDAlM0IlMjBoZWlnaHQlM0ElMjAxNHB4JTNCJTIwd2lkdGglM0ElMjA2MHB4JTNCJTIyJTNFJTNDJTJGZGl2JTNFJTNDJTJGZGl2JTNFJTNDJTJGZGl2JTNFJTNDZGl2JTIwc3R5bGUlM0QlMjJwYWRkaW5nJTNBJTIwMTklMjUlMjAwJTNCJTIyJTNFJTNDJTJGZGl2JTNFJTIwJTNDZGl2JTIwc3R5bGUlM0QlMjJkaXNwbGF5JTNBYmxvY2slM0IlMjBoZWlnaHQlM0E1MHB4JTNCJTIwbWFyZ2luJTNBMCUyMGF1dG8lMjAxMnB4JTNCJTIwd2lkdGglM0E1MHB4JTNCJTIyJTNFJTNDc3ZnJTIwd2lkdGglM0QlMjI1MHB4JTIyJTIwaGVpZ2h0JTNEJTIyNTBweCUyMiUyMHZpZXdCb3glM0QlMjIwJTIwMCUyMDYwJTIwNjAlMjIlMjB2ZXJzaW9uJTNEJTIyMS4xJTIyJTIweG1sbnMlM0QlMjJodHRwcyUzQSUyRiUyRnd3dy53My5vcmclMkYyMDAwJTJGc3ZnJTIyJTIweG1sbnMlM0F4bGluayUzRCUyMmh0dHBzJTNBJTJGJTJGd3d3LnczLm9yZyUyRjE5OTklMkZ4bGluayUyMiUzRSUzQ2clMjBzdHJva2UlM0QlMjJub25lJTIyJTIwc3Ryb2tlLXdpZHRoJTNEJTIyMSUyMiUyMGZpbGwlM0QlMjJub25lJTIyJTIwZmlsbC1ydWxlJTNEJTIyZXZlbm9kZCUyMiUzRSUzQ2clMjB0cmFuc2Zvcm0lM0QlMjJ0cmFuc2xhdGUlMjgtNTExLjAwMDAwMCUyQyUyMC0yMC4wMDAwMDAlMjklMjIlMjBmaWxsJTNEJTIyJTIzMDAwMDAwJTIyJTNFJTNDZyUzRSUzQ3BhdGglMjBkJTNEJTIyTTU1Ni44NjklMkMzMC40MSUyMEM1NTQuODE0JTJDMzAuNDElMjA1NTMuMTQ4JTJDMzIuMDc2JTIwNTUzLjE0OCUyQzM0LjEzMSUyMEM1NTMuMTQ4JTJDMzYuMTg2JTIwNTU0LjgxNCUyQzM3Ljg1MiUyMDU1Ni44NjklMkMzNy44NTIlMjBDNTU4LjkyNCUyQzM3Ljg1MiUyMDU2MC41OSUyQzM2LjE4NiUyMDU2MC41OSUyQzM0LjEzMSUyMEM1NjAuNTklMkMzMi4wNzYlMjA1NTguOTI0JTJDMzAuNDElMjA1NTYuODY5JTJDMzAuNDElMjBNNTQxJTJDNjAuNjU3JTIwQzUzNS4xMTQlMkM2MC42NTclMjA1MzAuMzQyJTJDNTUuODg3JTIwNTMwLjM0MiUyQzUwJTIwQzUzMC4zNDIlMkM0NC4xMTQlMjA1MzUuMTE0JTJDMzkuMzQyJTIwNTQxJTJDMzkuMzQyJTIwQzU0Ni44ODclMkMzOS4zNDIlMjA1NTEuNjU4JTJDNDQuMTE0JTIwNTUxLjY1OCUyQzUwJTIwQzU1MS42NTglMkM1NS44ODclMjA1NDYuODg3JTJDNjAuNjU3JTIwNTQxJTJDNjAuNjU3JTIwTTU0MSUyQzMzLjg4NiUyMEM1MzIuMSUyQzMzLjg4NiUyMDUyNC44ODYlMkM0MS4xJTIwNTI0Ljg4NiUyQzUwJTIwQzUyNC44ODYlMkM1OC44OTklMjA1MzIuMSUyQzY2LjExMyUyMDU0MSUyQzY2LjExMyUyMEM1NDkuOSUyQzY2LjExMyUyMDU1Ny4xMTUlMkM1OC44OTklMjA1NTcuMTE1JTJDNTAlMjBDNTU3LjExNSUyQzQxLjElMjA1NDkuOSUyQzMzLjg4NiUyMDU0MSUyQzMzLjg4NiUyME01NjUuMzc4JTJDNjIuMTAxJTIwQzU2NS4yNDQlMkM2NS4wMjIlMjA1NjQuNzU2JTJDNjYuNjA2JTIwNTY0LjM0NiUyQzY3LjY2MyUyMEM1NjMuODAzJTJDNjkuMDYlMjA1NjMuMTU0JTJDNzAuMDU3JTIwNTYyLjEwNiUyQzcxLjEwNiUyMEM1NjEuMDU4JTJDNzIuMTU1JTIwNTYwLjA2JTJDNzIuODAzJTIwNTU4LjY2MiUyQzczLjM0NyUyMEM1NTcuNjA3JTJDNzMuNzU3JTIwNTU2LjAyMSUyQzc0LjI0NCUyMDU1My4xMDIlMkM3NC4zNzglMjBDNTQ5Ljk0NCUyQzc0LjUyMSUyMDU0OC45OTclMkM3NC41NTIlMjA1NDElMkM3NC41NTIlMjBDNTMzLjAwMyUyQzc0LjU1MiUyMDUzMi4wNTYlMkM3NC41MjElMjA1MjguODk4JTJDNzQuMzc4JTIwQzUyNS45NzklMkM3NC4yNDQlMjA1MjQuMzkzJTJDNzMuNzU3JTIwNTIzLjMzOCUyQzczLjM0NyUyMEM1MjEuOTQlMkM3Mi44MDMlMjA1MjAuOTQyJTJDNzIuMTU1JTIwNTE5Ljg5NCUyQzcxLjEwNiUyMEM1MTguODQ2JTJDNzAuMDU3JTIwNTE4LjE5NyUyQzY5LjA2JTIwNTE3LjY1NCUyQzY3LjY2MyUyMEM1MTcuMjQ0JTJDNjYuNjA2JTIwNTE2Ljc1NSUyQzY1LjAyMiUyMDUxNi42MjMlMkM2Mi4xMDElMjBDNTE2LjQ3OSUyQzU4Ljk0MyUyMDUxNi40NDglMkM1Ny45OTYlMjA1MTYuNDQ4JTJDNTAlMjBDNTE2LjQ0OCUyQzQyLjAwMyUyMDUxNi40NzklMkM0MS4wNTYlMjA1MTYuNjIzJTJDMzcuODk5JTIwQzUxNi43NTUlMkMzNC45NzglMjA1MTcuMjQ0JTJDMzMuMzkxJTIwNTE3LjY1NCUyQzMyLjMzOCUyMEM1MTguMTk3JTJDMzAuOTM4JTIwNTE4Ljg0NiUyQzI5Ljk0MiUyMDUxOS44OTQlMkMyOC44OTQlMjBDNTIwLjk0MiUyQzI3Ljg0NiUyMDUyMS45NCUyQzI3LjE5NiUyMDUyMy4zMzglMkMyNi42NTQlMjBDNTI0LjM5MyUyQzI2LjI0NCUyMDUyNS45NzklMkMyNS43NTYlMjA1MjguODk4JTJDMjUuNjIzJTIwQzUzMi4wNTclMkMyNS40NzklMjA1MzMuMDA0JTJDMjUuNDQ4JTIwNTQxJTJDMjUuNDQ4JTIwQzU0OC45OTclMkMyNS40NDglMjA1NDkuOTQzJTJDMjUuNDc5JTIwNTUzLjEwMiUyQzI1LjYyMyUyMEM1NTYuMDIxJTJDMjUuNzU2JTIwNTU3LjYwNyUyQzI2LjI0NCUyMDU1OC42NjIlMkMyNi42NTQlMjBDNTYwLjA2JTJDMjcuMTk2JTIwNTYxLjA1OCUyQzI3Ljg0NiUyMDU2Mi4xMDYlMkMyOC44OTQlMjBDNTYzLjE1NCUyQzI5Ljk0MiUyMDU2My44MDMlMkMzMC45MzglMjA1NjQuMzQ2JTJDMzIuMzM4JTIwQzU2NC43NTYlMkMzMy4zOTElMjA1NjUuMjQ0JTJDMzQuOTc4JTIwNTY1LjM3OCUyQzM3Ljg5OSUyMEM1NjUuNTIyJTJDNDEuMDU2JTIwNTY1LjU1MiUyQzQyLjAwMyUyMDU2NS41NTIlMkM1MCUyMEM1NjUuNTUyJTJDNTcuOTk2JTIwNTY1LjUyMiUyQzU4Ljk0MyUyMDU2NS4zNzglMkM2Mi4xMDElMjBNNTcwLjgyJTJDMzcuNjMxJTIwQzU3MC42NzQlMkMzNC40MzglMjA1NzAuMTY3JTJDMzIuMjU4JTIwNTY5LjQyNSUyQzMwLjM0OSUyMEM1NjguNjU5JTJDMjguMzc3JTIwNTY3LjYzMyUyQzI2LjcwMiUyMDU2NS45NjUlMkMyNS4wMzUlMjBDNTY0LjI5NyUyQzIzLjM2OCUyMDU2Mi42MjMlMkMyMi4zNDIlMjA1NjAuNjUyJTJDMjEuNTc1JTIwQzU1OC43NDMlMkMyMC44MzQlMjA1NTYuNTYyJTJDMjAuMzI2JTIwNTUzLjM2OSUyQzIwLjE4JTIwQzU1MC4xNjklMkMyMC4wMzMlMjA1NDkuMTQ4JTJDMjAlMjA1NDElMkMyMCUyMEM1MzIuODUzJTJDMjAlMjA1MzEuODMxJTJDMjAuMDMzJTIwNTI4LjYzMSUyQzIwLjE4JTIwQzUyNS40MzglMkMyMC4zMjYlMjA1MjMuMjU3JTJDMjAuODM0JTIwNTIxLjM0OSUyQzIxLjU3NSUyMEM1MTkuMzc2JTJDMjIuMzQyJTIwNTE3LjcwMyUyQzIzLjM2OCUyMDUxNi4wMzUlMkMyNS4wMzUlMjBDNTE0LjM2OCUyQzI2LjcwMiUyMDUxMy4zNDIlMkMyOC4zNzclMjA1MTIuNTc0JTJDMzAuMzQ5JTIwQzUxMS44MzQlMkMzMi4yNTglMjA1MTEuMzI2JTJDMzQuNDM4JTIwNTExLjE4MSUyQzM3LjYzMSUyMEM1MTEuMDM1JTJDNDAuODMxJTIwNTExJTJDNDEuODUxJTIwNTExJTJDNTAlMjBDNTExJTJDNTguMTQ3JTIwNTExLjAzNSUyQzU5LjE3JTIwNTExLjE4MSUyQzYyLjM2OSUyMEM1MTEuMzI2JTJDNjUuNTYyJTIwNTExLjgzNCUyQzY3Ljc0MyUyMDUxMi41NzQlMkM2OS42NTElMjBDNTEzLjM0MiUyQzcxLjYyNSUyMDUxNC4zNjglMkM3My4yOTYlMjA1MTYuMDM1JTJDNzQuOTY1JTIwQzUxNy43MDMlMkM3Ni42MzQlMjA1MTkuMzc2JTJDNzcuNjU4JTIwNTIxLjM0OSUyQzc4LjQyNSUyMEM1MjMuMjU3JTJDNzkuMTY3JTIwNTI1LjQzOCUyQzc5LjY3MyUyMDUyOC42MzElMkM3OS44MiUyMEM1MzEuODMxJTJDNzkuOTY1JTIwNTMyLjg1MyUyQzgwLjAwMSUyMDU0MSUyQzgwLjAwMSUyMEM1NDkuMTQ4JTJDODAuMDAxJTIwNTUwLjE2OSUyQzc5Ljk2NSUyMDU1My4zNjklMkM3OS44MiUyMEM1NTYuNTYyJTJDNzkuNjczJTIwNTU4Ljc0MyUyQzc5LjE2NyUyMDU2MC42NTIlMkM3OC40MjUlMjBDNTYyLjYyMyUyQzc3LjY1OCUyMDU2NC4yOTclMkM3Ni42MzQlMjA1NjUuOTY1JTJDNzQuOTY1JTIwQzU2Ny42MzMlMkM3My4yOTYlMjA1NjguNjU5JTJDNzEuNjI1JTIwNTY5LjQyNSUyQzY5LjY1MSUyMEM1NzAuMTY3JTJDNjcuNzQzJTIwNTcwLjY3NCUyQzY1LjU2MiUyMDU3MC44MiUyQzYyLjM2OSUyMEM1NzAuOTY2JTJDNTkuMTclMjA1NzElMkM1OC4xNDclMjA1NzElMkM1MCUyMEM1NzElMkM0MS44NTElMjA1NzAuOTY2JTJDNDAuODMxJTIwNTcwLjgyJTJDMzcuNjMxJTIyJTNFJTNDJTJGcGF0aCUzRSUzQyUyRmclM0UlM0MlMkZnJTNFJTNDJTJGZyUzRSUzQyUyRnN2ZyUzRSUzQyUyRmRpdiUzRSUzQ2RpdiUyMHN0eWxlJTNEJTIycGFkZGluZy10b3AlM0ElMjA4cHglM0IlMjIlM0UlMjAlM0NkaXYlMjBzdHlsZSUzRCUyMiUyMGNvbG9yJTNBJTIzMzg5N2YwJTNCJTIwZm9udC1mYW1pbHklM0FBcmlhbCUyQ3NhbnMtc2VyaWYlM0IlMjBmb250LXNpemUlM0ExNHB4JTNCJTIwZm9udC1zdHlsZSUzQW5vcm1hbCUzQiUyMGZvbnQtd2VpZ2h0JTNBNTUwJTNCJTIwbGluZS1oZWlnaHQlM0ExOHB4JTNCJTIyJTNFVmVyJTIwZXNzYSUyMGZvdG8lMjBubyUyMEluc3RhZ3JhbSUzQyUyRmRpdiUzRSUzQyUyRmRpdiUzRSUzQ2RpdiUyMHN0eWxlJTNEJTIycGFkZGluZyUzQSUyMDEyLjUlMjUlMjAwJTNCJTIyJTNFJTNDJTJGZGl2JTNFJTIwJTNDZGl2JTIwc3R5bGUlM0QlMjJkaXNwbGF5JTNBJTIwZmxleCUzQiUyMGZsZXgtZGlyZWN0aW9uJTNBJTIwcm93JTNCJTIwbWFyZ2luLWJvdHRvbSUzQSUyMDE0cHglM0IlMjBhbGlnbi1pdGVtcyUzQSUyMGNlbnRlciUzQiUyMiUzRSUzQ2RpdiUzRSUyMCUzQ2RpdiUyMHN0eWxlJTNEJTIyYmFja2dyb3VuZC1jb2xvciUzQSUyMCUyM0Y0RjRGNCUzQiUyMGJvcmRlci1yYWRpdXMlM0ElMjA1MCUyNSUzQiUyMGhlaWdodCUzQSUyMDEyLjVweCUzQiUyMHdpZHRoJTNBJTIwMTIuNXB4JTNCJTIwdHJhbnNmb3JtJTNBJTIwdHJhbnNsYXRlWCUyODBweCUyOSUyMHRyYW5zbGF0ZVklMjg3cHglMjklM0IlMjIlM0UlM0MlMkZkaXYlM0UlMjAlM0NkaXYlMjBzdHlsZSUzRCUyMmJhY2tncm91bmQtY29sb3IlM0ElMjAlMjNGNEY0RjQlM0IlMjBoZWlnaHQlM0ElMjAxMi41cHglM0IlMjB0cmFuc2Zvcm0lM0ElMjByb3RhdGUlMjgtNDVkZWclMjklMjB0cmFuc2xhdGVYJTI4M3B4JTI5JTIwdHJhbnNsYXRlWSUyODFweCUyOSUzQiUyMHdpZHRoJTNBJTIwMTIuNXB4JTNCJTIwZmxleC1ncm93JTNBJTIwMCUzQiUyMG1hcmdpbi1yaWdodCUzQSUyMDE0cHglM0IlMjBtYXJnaW4tbGVmdCUzQSUyMDJweCUzQiUyMiUzRSUzQyUyRmRpdiUzRSUyMCUzQ2RpdiUyMHN0eWxlJTNEJTIyYmFja2dyb3VuZC1jb2xvciUzQSUyMCUyM0Y0RjRGNCUzQiUyMGJvcmRlci1yYWRpdXMlM0ElMjA1MCUyNSUzQiUyMGhlaWdodCUzQSUyMDEyLjVweCUzQiUyMHdpZHRoJTNBJTIwMTIuNXB4JTNCJTIwdHJhbnNmb3JtJTNBJTIwdHJhbnNsYXRlWCUyODlweCUyOSUyMHRyYW5zbGF0ZVklMjgtMThweCUyOSUzQiUyMiUzRSUzQyUyRmRpdiUzRSUzQyUyRmRpdiUzRSUzQ2RpdiUyMHN0eWxlJTNEJTIybWFyZ2luLWxlZnQlM0ElMjA4cHglM0IlMjIlM0UlMjAlM0NkaXYlMjBzdHlsZSUzRCUyMiUyMGJhY2tncm91bmQtY29sb3IlM0ElMjAlMjNGNEY0RjQlM0IlMjBib3JkZXItcmFkaXVzJTNBJTIwNTAlMjUlM0IlMjBmbGV4LWdyb3clM0ElMjAwJTNCJTIwaGVpZ2h0JTNBJTIwMjBweCUzQiUyMHdpZHRoJTNBJTIwMjBweCUzQiUyMiUzRSUzQyUyRmRpdiUzRSUyMCUzQ2RpdiUyMHN0eWxlJTNEJTIyJTIwd2lkdGglM0ElMjAwJTNCJTIwaGVpZ2h0JTNBJTIwMCUzQiUyMGJvcmRlci10b3AlM0ElMjAycHglMjBzb2xpZCUyMHRyYW5zcGFyZW50JTNCJTIwYm9yZGVyLWxlZnQlM0ElMjA2cHglMjBzb2xpZCUyMCUyM2Y0ZjRmNCUzQiUyMGJvcmRlci1ib3R0b20lM0ElMjAycHglMjBzb2xpZCUyMHRyYW5zcGFyZW50JTNCJTIwdHJhbnNmb3JtJTNBJTIwdHJhbnNsYXRlWCUyODE2cHglMjklMjB0cmFuc2xhdGVZJTI4LTRweCUyOSUyMHJvdGF0ZSUyODMwZGVnJTI5JTIyJTNFJTNDJTJGZGl2JTNFJTNDJTJGZGl2JTNFJTNDZGl2JTIwc3R5bGUlM0QlMjJtYXJnaW4tbGVmdCUzQSUyMGF1dG8lM0IlMjIlM0UlMjAlM0NkaXYlMjBzdHlsZSUzRCUyMiUyMHdpZHRoJTNBJTIwMHB4JTNCJTIwYm9yZGVyLXRvcCUzQSUyMDhweCUyMHNvbGlkJTIwJTIzRjRGNEY0JTNCJTIwYm9yZGVyLXJpZ2h0JTNBJTIwOHB4JTIwc29saWQlMjB0cmFuc3BhcmVudCUzQiUyMHRyYW5zZm9ybSUzQSUyMHRyYW5zbGF0ZVklMjgxNnB4JTI5JTNCJTIyJTNFJTNDJTJGZGl2JTNFJTIwJTNDZGl2JTIwc3R5bGUlM0QlMjIlMjBiYWNrZ3JvdW5kLWNvbG9yJTNBJTIwJTIzRjRGNEY0JTNCJTIwZmxleC1ncm93JTNBJTIwMCUzQiUyMGhlaWdodCUzQSUyMDEycHglM0IlMjB3aWR0aCUzQSUyMDE2cHglM0IlMjB0cmFuc2Zvcm0lM0ElMjB0cmFuc2xhdGVZJTI4LTRweCUyOSUzQiUyMiUzRSUzQyUyRmRpdiUzRSUyMCUzQ2RpdiUyMHN0eWxlJTNEJTIyJTIwd2lkdGglM0ElMjAwJTNCJTIwaGVpZ2h0JTNBJTIwMCUzQiUyMGJvcmRlci10b3AlM0ElMjA4cHglMjBzb2xpZCUyMCUyM0Y0RjRGNCUzQiUyMGJvcmRlci1sZWZ0JTNBJTIwOHB4JTIwc29saWQlMjB0cmFuc3BhcmVudCUzQiUyMHRyYW5zZm9ybSUzQSUyMHRyYW5zbGF0ZVklMjgtNHB4JTI5JTIwdHJhbnNsYXRlWCUyODhweCUyOSUzQiUyMiUzRSUzQyUyRmRpdiUzRSUzQyUyRmRpdiUzRSUzQyUyRmRpdiUzRSUyMCUzQ2RpdiUyMHN0eWxlJTNEJTIyZGlzcGxheSUzQSUyMGZsZXglM0IlMjBmbGV4LWRpcmVjdGlvbiUzQSUyMGNvbHVtbiUzQiUyMGZsZXgtZ3JvdyUzQSUyMDElM0IlMjBqdXN0aWZ5LWNvbnRlbnQlM0ElMjBjZW50ZXIlM0IlMjBtYXJnaW4tYm90dG9tJTNBJTIwMjRweCUzQiUyMiUzRSUyMCUzQ2RpdiUyMHN0eWxlJTNEJTIyJTIwYmFja2dyb3VuZC1jb2xvciUzQSUyMCUyM0Y0RjRGNCUzQiUyMGJvcmRlci1yYWRpdXMlM0ElMjA0cHglM0IlMjBmbGV4LWdyb3clM0ElMjAwJTNCJTIwaGVpZ2h0JTNBJTIwMTRweCUzQiUyMG1hcmdpbi1ib3R0b20lM0ElMjA2cHglM0IlMjB3aWR0aCUzQSUyMDIyNHB4JTNCJTIyJTNFJTNDJTJGZGl2JTNFJTIwJTNDZGl2JTIwc3R5bGUlM0QlMjIlMjBiYWNrZ3JvdW5kLWNvbG9yJTNBJTIwJTIzRjRGNEY0JTNCJTIwYm9yZGVyLXJhZGl1cyUzQSUyMDRweCUzQiUyMGZsZXgtZ3JvdyUzQSUyMDAlM0IlMjBoZWlnaHQlM0ElMjAxNHB4JTNCJTIwd2lkdGglM0ElMjAxNDRweCUzQiUyMiUzRSUzQyUyRmRpdiUzRSUzQyUyRmRpdiUzRSUzQyUyRmElM0UlM0NwJTIwc3R5bGUlM0QlMjIlMjBjb2xvciUzQSUyM2M5YzhjZCUzQiUyMGZvbnQtZmFtaWx5JTNBQXJpYWwlMkNzYW5zLXNlcmlmJTNCJTIwZm9udC1zaXplJTNBMTRweCUzQiUyMGxpbmUtaGVpZ2h0JTNBMTdweCUzQiUyMG1hcmdpbi1ib3R0b20lM0EwJTNCJTIwbWFyZ2luLXRvcCUzQThweCUzQiUyMG92ZXJmbG93JTNBaGlkZGVuJTNCJTIwcGFkZGluZyUzQThweCUyMDAlMjA3cHglM0IlMjB0ZXh0LWFsaWduJTNBY2VudGVyJTNCJTIwdGV4dC1vdmVyZmxvdyUzQWVsbGlwc2lzJTNCJTIwd2hpdGUtc3BhY2UlM0Fub3dyYXAlM0IlMjIlM0UlM0NhJTIwaHJlZiUzRCUyMmh0dHBzJTNBJTJGJTJGd3d3Lmluc3RhZ3JhbS5jb20lMkZwJTJGRFhNZS1OdURzT1glMkYlM0Z1dG1fc291cmNlJTNEaWdfZW1iZWQlMjZhbXAlM0J1dG1fY2FtcGFpZ24lM0Rsb2FkaW5nJTIyJTIwc3R5bGUlM0QlMjIlMjBjb2xvciUzQSUyM2M5YzhjZCUzQiUyMGZvbnQtZmFtaWx5JTNBQXJpYWwlMkNzYW5zLXNlcmlmJTNCJTIwZm9udC1zaXplJTNBMTRweCUzQiUyMGZvbnQtc3R5bGUlM0Fub3JtYWwlM0IlMjBmb250LXdlaWdodCUzQW5vcm1hbCUzQiUyMGxpbmUtaGVpZ2h0JTNBMTdweCUzQiUyMHRleHQtZGVjb3JhdGlvbiUzQW5vbmUlM0IlMjIlMjB0YXJnZXQlM0QlMjJfYmxhbmslMjIlM0VVbSUyMHBvc3QlMjBjb21wYXJ0aWxoYWRvJTIwcG9yJTIwRHJhLiUyMFByaXNjaWxhJTIwU2FsbGVzJTIwJTI4JTQwcHJpc2NpbGFfc2FsbGVzNzM1NjAlMjklM0MlMkZhJTNFJTNDJTJGcCUzRSUzQyUyRmRpdiUzRSUzQyUyRmJsb2NrcXVvdGUlM0UlMEElM0NzY3JpcHQlMjBhc3luYyUyMHNyYyUzRCUyMiUyRiUyRnd3dy5pbnN0YWdyYW0uY29tJTJGZW1iZWQuanMlMjIlM0UlM0MlMkZzY3JpcHQlM0U=[\/vc_raw_html][\/vc_column][\/vc_row][vc_row parallax_speed=&#8221;4&#8243; parallax_x=&#8221;4&#8243; parallax_y=&#8221;4&#8243; css=&#8221;.vc_custom_1428119707012{padding-top: 50px !important;padding-bottom: 50px !important;}&#8221;][vc_column width=&#8221;1\/4&#8243;]<ul class=\"iconlist iconlist \"><li class=\"circle\"><i class=\"fa fa-check\"><\/i> Direito de Fam\u00edlia<\/li><li class=\"circle\"><i class=\"fa fa-check\"><\/i> Direito de Sucess\u00f5es<\/li><li class=\"circle\"><i class=\"fa fa-check\"><\/i> Direito Empresarial<\/li><li class=\"circle\"><i class=\"fa fa-check\"><\/i> Franchising &#8211; Franquias<\/li><li class=\"circle\"><i class=\"fa fa-check\"><\/i> Direito Civil<\/li><li class=\"circle\"><i class=\"fa fa-check\"><\/i> Direito Contratual<\/li><\/ul>[\/vc_column][vc_column width=&#8221;1\/4&#8243;]<div class=\"iconbox   \">\n\t\t<div class=\"box-header\">\n\t\t\t<div class=\"box-icon\"><img decoding=\"async\" src=\"https:\/\/advsalles.com.br\/pri\/wp-content\/uploads\/2020\/02\/direitoconsumidor.jpg\" alt=\"Direito do Consumidor\" \/><\/div>\n\t\t\t<h5 class=\"box-title\">Direito do Consumidor<\/h5>\n\t\t<\/div>\n\t\t<div class=\"box-content\">\n\t\t\tAtuamos fortemente na \u00e1rea do Direito do Consumidor com foco na resolu\u00e7\u00e3o, orienta\u00e7\u00e3o e na preven\u00e7\u00e3o do cliente referente aos seus direitos e \u00e0s quest\u00f5es legais decorrentes de conflitos nas rela\u00e7\u00f5es de consumo.\n\t\t\t\n\t\t\t<p class=\"box-readmore\">\n\t\t\t\t<a href=\"http:\/\/advsalles.com.br\/pri\/atuacao\/\">Saiba Mais<\/a>\n\t\t\t<\/p>\n\t\t<\/div>\n\t<\/div>[\/vc_column][vc_column width=&#8221;1\/4&#8243;]<div class=\"iconbox   \">\n\t\t<div class=\"box-header\">\n\t\t\t<div class=\"box-icon\"><img decoding=\"async\" src=\"https:\/\/advsalles.com.br\/pri\/wp-content\/uploads\/2020\/02\/consultoria-empresarial.jpg\" alt=\"Consultoria Empresarial\" \/><\/div>\n\t\t\t<h5 class=\"box-title\">Consultoria Empresarial<\/h5>\n\t\t<\/div>\n\t\t<div class=\"box-content\">\n\t\t\tConsultoria empresarial \u00e9 um servi\u00e7o que oferecemos que tem como o objetivo de identificar e solucionar os problemas da empresa, al\u00e9m de orientar a gest\u00e3o de todo o seu neg\u00f3cio.\n\t\t\t\n\t\t\t<p class=\"box-readmore\">\n\t\t\t\t<a href=\"http:\/\/advsalles.com.br\/pri\/atuacao\/\">Saiba Mais<\/a>\n\t\t\t<\/p>\n\t\t<\/div>\n\t<\/div>[\/vc_column][vc_column width=&#8221;1\/4&#8243;]<div class=\"iconbox   \">\n\t\t<div class=\"box-header\">\n\t\t\t<div class=\"box-icon\"><img decoding=\"async\" src=\"https:\/\/advsalles.com.br\/pri\/wp-content\/uploads\/2020\/02\/advocacia-de-partido.jpg\" alt=\"Advocacia de Partido\" \/><\/div>\n\t\t\t<h5 class=\"box-title\">Advocacia de Partido<\/h5>\n\t\t<\/div>\n\t\t<div class=\"box-content\">\n\t\t\tConsiste em prestar ampla assessoria jur\u00eddica mediante o pagamento de um valor fixo mensal, englobando todas as \u00e1reas da empresa que precisa de suporte jur\u00eddico.\n\t\t\t\n\t\t\t<p class=\"box-readmore\">\n\t\t\t\t<a href=\"http:\/\/advsalles.com.br\/pri\/atuacao\/\">Saiba Mais<\/a>\n\t\t\t<\/p>\n\t\t<\/div>\n\t<\/div>[\/vc_column][\/vc_row][vc_row parallax_effect=&#8221;yes&#8221; parallax_speed=&#8221;4&#8243; parallax_x=&#8221;0&#8243; parallax_y=&#8221;0&#8243; css=&#8221;.vc_custom_1582481251321{padding-top: 100px !important;padding-bottom: 135px !important;background-image: url(http:\/\/advsalles.com.br\/pri\/wp-content\/uploads\/2020\/02\/JUSTICA.jpg?id=9770) !important;}&#8221;][vc_column][vc_column_text]<\/p>\n<h3 style=\"text-align: center;\"><strong><span style=\"color: #c29a17;\">ACREDITAMOS NA \u00c9TICA<\/span><\/strong><\/h3>\n<h4 style=\"text-align: center;\"><span style=\"color: #ffffff;\">Prover, com integridade e inova\u00e7\u00e3o, as melhores solu\u00e7\u00f5es jur\u00eddicas aos nossos clientes.<\/span><\/h4>\n<p>[\/vc_column_text][\/vc_column][\/vc_row]<\/p>\n","protected":false},"excerpt":{"rendered":"<p>[vc_row width_100=&#8221;yes&#8221; parallax_speed=&#8221;4&#8243; parallax_x=&#8221;4&#8243; parallax_y=&#8221;4&#8243; el_class=&#8221;mobile_no_margin_bot&#8221;][vc_column][rev_slider_vc alias=&#8221;homepage&#8221;][\/vc_column][\/vc_row][vc_row parallax_speed=&#8221;4&#8243; parallax_x=&#8221;4&#8243; parallax_y=&#8221;4&#8243; css=&#8221;.vc_custom_1582469396594{padding-top: 20px !important;padding-bottom: 30px !important;background-image: url(http:\/\/advsalles.com.br\/pri\/wp-content\/uploads\/2015\/04\/bg-main.jpg?id=152) !important;background-position: 0 0 !important;background-repeat: repeat !important;}&#8221;][vc_column width=&#8221;2\/3&#8243;][vc_custom_heading text=&#8221;Experi\u00eancia, agilidade e inova\u00e7\u00e3o: tr\u00eas compet\u00eancias que marcam nosso DNA. Com expertise nas mais diversas \u00e1reas jur\u00eddicas, somos capazes de fornecer solu\u00e7\u00f5es criativas para as necessidades de nossos clientes nacionais e internacionais [&hellip;]<\/p>\n","protected":false},"author":1,"featured_media":0,"parent":0,"menu_order":0,"comment_status":"open","ping_status":"open","template":"templates\/page-fullwidth.php","meta":{"footnotes":""},"class_list":["post-9","page","type-page","status-publish","hentry","no-post-thumbnail"],"_links":{"self":[{"href":"https:\/\/advsalles.com.br\/pri\/wp-json\/wp\/v2\/pages\/9"}],"collection":[{"href":"https:\/\/advsalles.com.br\/pri\/wp-json\/wp\/v2\/pages"}],"about":[{"href":"https:\/\/advsalles.com.br\/pri\/wp-json\/wp\/v2\/types\/page"}],"author":[{"embeddable":true,"href":"https:\/\/advsalles.com.br\/pri\/wp-json\/wp\/v2\/users\/1"}],"replies":[{"embeddable":true,"href":"https:\/\/advsalles.com.br\/pri\/wp-json\/wp\/v2\/comments?post=9"}],"version-history":[{"count":50,"href":"https:\/\/advsalles.com.br\/pri\/wp-json\/wp\/v2\/pages\/9\/revisions"}],"predecessor-version":[{"id":10201,"href":"https:\/\/advsalles.com.br\/pri\/wp-json\/wp\/v2\/pages\/9\/revisions\/10201"}],"wp:attachment":[{"href":"https:\/\/advsalles.com.br\/pri\/wp-json\/wp\/v2\/media?parent=9"}],"curies":[{"name":"wp","href":"https:\/\/api.w.org\/{rel}","templated":true}]}}