{"id":47,"date":"2015-04-04T14:24:26","date_gmt":"2015-04-04T14:24:26","guid":{"rendered":"http:\/\/advsalles.com.br\/pri\/?page_id=47"},"modified":"2026-02-12T14:54:16","modified_gmt":"2026-02-12T17:54:16","slug":"atuacao","status":"publish","type":"page","link":"https:\/\/advsalles.com.br\/pri\/atuacao\/","title":{"rendered":"Atua\u00e7\u00e3o"},"content":{"rendered":"<p>[vc_row][vc_column][rev_slider_vc alias=&#8221;homepage&#8221;][\/vc_column][\/vc_row][vc_row][vc_column][vc_custom_heading text=&#8221;Atua\u00e7\u00e3o&#8221; font_container=&#8221;tag:h2|font_size:30|text_align:center|color:%2323282d&#8221; google_fonts=&#8221;font_family:PT%20Serif%3Aregular%2Citalic%2C700%2C700italic|font_style:700%20bold%20regular%3A700%3Anormal&#8221;][\/vc_column][\/vc_row][vc_row parallax_speed=&#8221;4&#8243; parallax_x=&#8221;4&#8243; parallax_y=&#8221;4&#8243; css=&#8221;.vc_custom_1428156740496{padding-bottom: 50px !important;}&#8221;][vc_column width=&#8221;1\/3&#8243;]<div class=\"iconbox   \">\n\t\t<div class=\"box-header\">\n\t\t\t<div class=\"box-icon\"><img decoding=\"async\" src=\"https:\/\/advsalles.com.br\/pri\/wp-content\/uploads\/2020\/02\/direito-civil.jpg\" alt=\"Direito Civil\" \/><\/div>\n\t\t\t<h5 class=\"box-title\">Direito Civil<\/h5>\n\t\t<\/div>\n\t\t<div class=\"box-content\">\n\t\t\tMedidas Cautelares, despejos, revis\u00e3o e arbitramento de alugu\u00e9is, renovat\u00f3ria de contrato de loca\u00e7\u00e3o, possess\u00f3rias, usucapi\u00e3o, embargos, consigna\u00e7\u00e3o em pagamento, presta\u00e7\u00e3o de contas, a\u00e7\u00e3o monit\u00f3ria, concordata, fal\u00eancia, juizado de pequenas causas, cobran\u00e7as, execu\u00e7\u00f5es, contratos, danos morais e materiais, responsabilidade civil, direitos do consumidor, indeniza\u00e7\u00f5es.\n\t\t\t\n\t\t<\/div>\n\t<\/div>[\/vc_column][vc_column width=&#8221;1\/3&#8243;]<div class=\"iconbox   \">\n\t\t<div class=\"box-header\">\n\t\t\t<div class=\"box-icon\"><img decoding=\"async\" src=\"https:\/\/advsalles.com.br\/pri\/wp-content\/uploads\/2020\/02\/advocacia-de-partido.jpg\" alt=\"Advocacia de Partido\" \/><\/div>\n\t\t\t<h5 class=\"box-title\">Advocacia de Partido<\/h5>\n\t\t<\/div>\n\t\t<div class=\"box-content\">\n\t\t\tConsiste em prestar ampla assessoria jur\u00eddica mediante o pagamento de um valor fixo mensal, englobando todas as \u00e1reas da empresa que precisa de suporte jur\u00eddico.\n\t\t\t\n\t\t<\/div>\n\t<\/div>[\/vc_column][vc_column width=&#8221;1\/3&#8243;]<div class=\"iconbox   \">\n\t\t<div class=\"box-header\">\n\t\t\t<div class=\"box-icon\"><img decoding=\"async\" src=\"https:\/\/advsalles.com.br\/pri\/wp-content\/uploads\/2020\/02\/consultoria.jpg\" alt=\"Consultoria Empresarial\" \/><\/div>\n\t\t\t<h5 class=\"box-title\">Consultoria Empresarial<\/h5>\n\t\t<\/div>\n\t\t<div class=\"box-content\">\n\t\t\tApoio ao empres\u00e1rio que inicia a expans\u00e3o do neg\u00f3cio com consultoria voltada para a elabora\u00e7\u00e3o dos instrumentos jur\u00eddicos necess\u00e1rios para o licenciamento de marca e\/ou distribui\u00e7\u00e3o.\n\t\t\t\n\t\t<\/div>\n\t<\/div>[\/vc_column][\/vc_row][vc_row parallax_speed=&#8221;4&#8243; parallax_x=&#8221;4&#8243; parallax_y=&#8221;4&#8243; css=&#8221;.vc_custom_1428157431724{padding-bottom: 50px !important;}&#8221;][vc_column width=&#8221;1\/3&#8243;]<div class=\"iconbox   \">\n\t\t<div class=\"box-header\">\n\t\t\t<div class=\"box-icon\"><img decoding=\"async\" src=\"https:\/\/advsalles.com.br\/pri\/wp-content\/uploads\/2020\/02\/franquia.jpg\" alt=\"Franchising \u2013 Franquias\" \/><\/div>\n\t\t\t<h5 class=\"box-title\">Franchising \u2013 Franquias<\/h5>\n\t\t<\/div>\n\t\t<div class=\"box-content\">\n\t\t\tEsclarecimento, estudo e reformula\u00e7\u00e3o da proposta do contrato de franquia (franchising) com apontamento pormenorizado de vantagens e desvantagens do Contrato. An\u00e1lise jur\u00eddica da COF (Circular de Oferta de Franquia). E muito mais.\n\t\t\t\n\t\t<\/div>\n\t<\/div>[\/vc_column][vc_column width=&#8221;1\/3&#8243;]<div class=\"iconbox   \">\n\t\t<div class=\"box-header\">\n\t\t\t<div class=\"box-icon\"><img decoding=\"async\" src=\"https:\/\/advsalles.com.br\/pri\/wp-content\/uploads\/2020\/02\/direito-da-familia.jpg\" alt=\"Direito da Fam\u00edlia e Sucess\u00f5es\" \/><\/div>\n\t\t\t<h5 class=\"box-title\">Direito da Fam\u00edlia e Sucess\u00f5es<\/h5>\n\t\t<\/div>\n\t\t<div class=\"box-content\">\n\t\t\tProfissionais com larga experi\u00eancia em Direito de Fam\u00edlia, Direito Societ\u00e1rio est\u00e3o preparados para oferecer as mais diversas alternativas para o planejamento patrimonial de nossos clientes.<\/p>\n<p>Nossos servi\u00e7os incluem prote\u00e7\u00e3o de patrim\u00f4nio, aloca\u00e7\u00e3o de patrim\u00f4nio entre herdeiros ou minora\u00e7\u00e3o da incid\u00eancia de tributos na sucess\u00e3o ou aliena\u00e7\u00e3o.<br \/>\nAl\u00e9m de A\u00e7\u00f5es de Div\u00f3rcio, Guarda, Interdi\u00e7\u00e3o, Declarat\u00f3rias e alimentos.\n\t\t\t\n\t\t<\/div>\n\t<\/div>[\/vc_column][vc_column width=&#8221;1\/3&#8243;]<div class=\"iconbox   \">\n\t\t<div class=\"box-header\">\n\t\t\t<div class=\"box-icon\"><img decoding=\"async\" src=\"https:\/\/advsalles.com.br\/pri\/wp-content\/uploads\/2020\/02\/consultoria-empresarial.jpg\" alt=\"Direito Empresarial e Contratual\" \/><\/div>\n\t\t\t<h5 class=\"box-title\">Direito Empresarial e Contratual<\/h5>\n\t\t<\/div>\n\t\t<div class=\"box-content\">\n\t\t\tElabora\u00e7\u00e3o e An\u00e1lise de Contrato Social; A\u00e7\u00f5es de Cobran\u00e7a e recupera\u00e7\u00e3o de cr\u00e9ditos; Execu\u00e7\u00e3o de T\u00edtulos Judiciais e Extrajudiciais; Protestos; Contratos Mercantis; Franchising; Fal\u00eancia e Recupera\u00e7\u00e3o Judicial; Financiamento de Projetos; Fus\u00f5es e Aquisi\u00e7\u00f5es; Imobili\u00e1rio; Opera\u00e7\u00f5es de Securitiza\u00e7\u00e3o; Seguros; e Societ\u00e1rio.<\/p>\n<p>Orientamos nossos clientes na elabora\u00e7\u00e3o, an\u00e1lise e negocia\u00e7\u00e3o de contratos atrav\u00e9s de profissionais com amplos conhecimentos, assessorando com pessoalidade e maestria tanto pessoas f\u00edsicas como jur\u00eddicas.\n\t\t\t\n\t\t<\/div>\n\t<\/div>[\/vc_column][\/vc_row][vc_row parallax_speed=&#8221;4&#8243; parallax_x=&#8221;4&#8243; parallax_y=&#8221;4&#8243; css=&#8221;.vc_custom_1428157431724{padding-bottom: 50px !important;}&#8221;][vc_column width=&#8221;1\/3&#8243;]<div class=\"iconbox   \">\n\t\t<div class=\"box-header\">\n\t\t\t<div class=\"box-icon\"><img decoding=\"async\" src=\"https:\/\/advsalles.com.br\/pri\/wp-content\/uploads\/2020\/02\/direitoconsumidor.jpg\" alt=\"Direito do consumidor\" \/><\/div>\n\t\t\t<h5 class=\"box-title\">Direito do consumidor<\/h5>\n\t\t<\/div>\n\t\t<div class=\"box-content\">\n\t\t\tDesde a aprova\u00e7\u00e3o do C\u00f3digo de Defesa do Consumidor, a legisla\u00e7\u00e3o do Brasil est\u00e1 no rumo seguro de uma legisla\u00e7\u00e3o moderna no setor. Nesse cen\u00e1rio, contamos com um grupo de profissionais dedicados a atuar tanto na preven\u00e7\u00e3o quanto na solu\u00e7\u00e3o de lit\u00edgios referentes ao direito do consumidor.<\/p>\n<p>Na esfera da preven\u00e7\u00e3o de infra\u00e7\u00f5es ao direito do consumidor, temos ampla experi\u00eancia na estrutura\u00e7\u00e3o e revis\u00e3o de contratos que envolvam rela\u00e7\u00f5es de consumo.<\/p>\n<p>No campo litigioso, estamos habilitados a auxiliar nossos clientes no ajuizamento de a\u00e7\u00f5es, na elabora\u00e7\u00e3o de defesas e recursos e no acompanhamento processual perante o PROCON, Delegacias do Consumidor, Minist\u00e9rio P\u00fablico, Juizados Especiais C\u00edveis e Justi\u00e7a Comum.\n\t\t\t\n\t\t<\/div>\n\t<\/div>[\/vc_column][vc_column width=&#8221;1\/3&#8243;]<div class=\"iconbox   \">\n\t\t<div class=\"box-header\">\n\t\t\t<div class=\"box-icon\"><img decoding=\"async\" src=\"https:\/\/advsalles.com.br\/pri\/wp-content\/uploads\/2022\/05\/m\u00e9dico.jpg\" alt=\"Direito M\u00e9dico e da Sa\u00fade\" \/><\/div>\n\t\t\t<h5 class=\"box-title\">Direito M\u00e9dico e da Sa\u00fade<\/h5>\n\t\t<\/div>\n\t\t<div class=\"box-content\">\n\t\t\tEngana-se quem entende que o Direito M\u00e9dico e da Sa\u00fade serve apenas para \u201cdefender m\u00e9dico\u201d. Esta instigante e nova \u00e1rea do Direito vem ganhando destaque e dia ap\u00f3s dia as necessidades de pessoas, pacientes e profissionais da sa\u00fade s\u00e3o debatidas em demandas judiciais e extrajudiciais envolvendo os mais diversos, dif\u00edceis e instigantes fatos.<\/p>\n<p>S\u00e3o a\u00e7\u00f5es contra planos de sa\u00fade (por negativas de realiza\u00e7\u00e3o de consultas e exames, medicamentos, tratamentos); requerimentos de indeniza\u00e7\u00f5es e danos morais e est\u00e9ticos por erro m\u00e9dico (que, na verdade, pode ser causado por qualquer membro da equipe, do hospital e n\u00e3o apenas pelo m\u00e9dico).<\/p>\n<p>Entendemos que a rela\u00e7\u00e3o m\u00e9dico-paciente precisa ser pautada no respeito e na confian\u00e7a. Assim, negativas infundadas, viol\u00eancia obst\u00e9trica, reprodu\u00e7\u00e3o humana assistida, doa\u00e7\u00e3o de \u00f3rg\u00e3os, erros de diagn\u00f3stico, mortes, neglig\u00eancia, imprud\u00eancia e imper\u00edcia s\u00e3o aspectos que podem resultar em s\u00e9rias demandas, processos \u00e9ticos, criminais e ainda mais dor aos envolvidos. Por isso, primamos por um atendimento humanizado, apresentamos solu\u00e7\u00f5es estrat\u00e9gicas e fundamentadas aos nossos clientes.<\/p>\n<p>Estamos preparados para atend\u00ea-los em todo Brasil, de forma presencial ou on line.\n\t\t\t\n\t\t<\/div>\n\t<\/div>[\/vc_column][vc_column width=&#8221;1\/3&#8243;]<div class=\"iconbox   \">\n\t\t<div class=\"box-header\">\n\t\t\t<div class=\"box-icon\"><img decoding=\"async\" src=\"https:\/\/advsalles.com.br\/pri\/wp-content\/uploads\/2026\/02\/nr1.jpg\" alt=\"Implementa\u00e7\u00e3o da NR-1\" \/><\/div>\n\t\t\t<h5 class=\"box-title\">Implementa\u00e7\u00e3o da NR-1<\/h5>\n\t\t<\/div>\n\t\t<div class=\"box-content\">\n\t\t\tA Salles Advocacia n\u00e3o atua com solu\u00e7\u00f5es isoladas.Atua com estrutura jur\u00eddica integrada.<\/p>\n<p><b>Nossa abordagem re\u00fane:<\/b><br \/>\u2022 Gerenciamento de Riscos Ocupacionais (GRO);<br \/>\u2022 Programa de Gerenciamento de Riscos (PGR);<br \/>\u2022 Laudos e documentos t\u00e9cnicos exigidos;<br \/>\u2022 Sa\u00fade mental e riscos psicossociais;<br \/>\u2022 Pol\u00edticas internas e c\u00f3digos de conduta;<br \/>\u2022 Canal de den\u00fancias com governan\u00e7a jur\u00eddica;<br \/>\u2022 Compliance trabalhista e prote\u00e7\u00e3o probat\u00f3ria.\n\t\t\t\n\t\t\t<p class=\"box-readmore\">\n\t\t\t\t<a href=\"https:\/\/advsalles.com.br\/pri\/wp-content\/uploads\/2026\/02\/ImplementacaoNR1.pdf\">SAIBA MAIS<\/a>\n\t\t\t<\/p>\n\t\t<\/div>\n\t<\/div>[\/vc_column][\/vc_row][vc_row parallax_effect=&#8221;yes&#8221; parallax_speed=&#8221;4&#8243; parallax_x=&#8221;4&#8243; parallax_y=&#8221;4&#8243; css=&#8221;.vc_custom_1582492542999{margin-bottom: -50px !important;padding-top: 70px !important;padding-bottom: 100px !important;background-image: url(http:\/\/advsalles.com.br\/pri\/wp-content\/uploads\/2020\/02\/jus.jpg?id=9822) !important;}&#8221; el_class=&#8221;aligncenter&#8221;][vc_column][vc_column_text]<\/p>\n<h3 style=\"text-align: center;\"><span style=\"color: #c29a16;\">ACREDITAMOS NA \u00c9TICA<\/span><\/h3>\n<h4 style=\"text-align: center;\"><span style=\"color: #ffffff;\">Prover, com integridade e inova\u00e7\u00e3o, as melhores solu\u00e7\u00f5es jur\u00eddicas aos nossos clientes.<\/span><\/h4>\n<p>[\/vc_column_text][vc_empty_space][\/vc_column][\/vc_row]<\/p>\n","protected":false},"excerpt":{"rendered":"<p>[vc_row][vc_column][rev_slider_vc alias=&#8221;homepage&#8221;][\/vc_column][\/vc_row][vc_row][vc_column][vc_custom_heading text=&#8221;Atua\u00e7\u00e3o&#8221; font_container=&#8221;tag:h2|font_size:30|text_align:center|color:%2323282d&#8221; google_fonts=&#8221;font_family:PT%20Serif%3Aregular%2Citalic%2C700%2C700italic|font_style:700%20bold%20regular%3A700%3Anormal&#8221;][\/vc_column][\/vc_row][vc_row parallax_speed=&#8221;4&#8243; parallax_x=&#8221;4&#8243; parallax_y=&#8221;4&#8243; css=&#8221;.vc_custom_1428156740496{padding-bottom: 50px !important;}&#8221;][vc_column width=&#8221;1\/3&#8243;][\/vc_column][vc_column width=&#8221;1\/3&#8243;][\/vc_column][vc_column width=&#8221;1\/3&#8243;][\/vc_column][\/vc_row][vc_row parallax_speed=&#8221;4&#8243; parallax_x=&#8221;4&#8243; parallax_y=&#8221;4&#8243; css=&#8221;.vc_custom_1428157431724{padding-bottom: 50px !important;}&#8221;][vc_column width=&#8221;1\/3&#8243;][\/vc_column][vc_column width=&#8221;1\/3&#8243;][\/vc_column][vc_column width=&#8221;1\/3&#8243;][\/vc_column][\/vc_row][vc_row parallax_speed=&#8221;4&#8243; parallax_x=&#8221;4&#8243; parallax_y=&#8221;4&#8243; css=&#8221;.vc_custom_1428157431724{padding-bottom: 50px !important;}&#8221;][vc_column width=&#8221;1\/3&#8243;][\/vc_column][vc_column width=&#8221;1\/3&#8243;][\/vc_column][vc_column width=&#8221;1\/3&#8243;][\/vc_column][\/vc_row][vc_row parallax_effect=&#8221;yes&#8221; parallax_speed=&#8221;4&#8243; parallax_x=&#8221;4&#8243; parallax_y=&#8221;4&#8243; css=&#8221;.vc_custom_1582492542999{margin-bottom: -50px !important;padding-top: 70px !important;padding-bottom: 100px !important;background-image: url(http:\/\/advsalles.com.br\/pri\/wp-content\/uploads\/2020\/02\/jus.jpg?id=9822) !important;}&#8221; el_class=&#8221;aligncenter&#8221;][vc_column][vc_column_text] ACREDITAMOS NA \u00c9TICA Prover, com integridade e inova\u00e7\u00e3o, as [&hellip;]<\/p>\n","protected":false},"author":1,"featured_media":0,"parent":0,"menu_order":0,"comment_status":"open","ping_status":"open","template":"templates\/page-fullwidth.php","meta":{"footnotes":""},"class_list":["post-47","page","type-page","status-publish","hentry","no-post-thumbnail"],"_links":{"self":[{"href":"https:\/\/advsalles.com.br\/pri\/wp-json\/wp\/v2\/pages\/47"}],"collection":[{"href":"https:\/\/advsalles.com.br\/pri\/wp-json\/wp\/v2\/pages"}],"about":[{"href":"https:\/\/advsalles.com.br\/pri\/wp-json\/wp\/v2\/types\/page"}],"author":[{"embeddable":true,"href":"https:\/\/advsalles.com.br\/pri\/wp-json\/wp\/v2\/users\/1"}],"replies":[{"embeddable":true,"href":"https:\/\/advsalles.com.br\/pri\/wp-json\/wp\/v2\/comments?post=47"}],"version-history":[{"count":29,"href":"https:\/\/advsalles.com.br\/pri\/wp-json\/wp\/v2\/pages\/47\/revisions"}],"predecessor-version":[{"id":10198,"href":"https:\/\/advsalles.com.br\/pri\/wp-json\/wp\/v2\/pages\/47\/revisions\/10198"}],"wp:attachment":[{"href":"https:\/\/advsalles.com.br\/pri\/wp-json\/wp\/v2\/media?parent=47"}],"curies":[{"name":"wp","href":"https:\/\/api.w.org\/{rel}","templated":true}]}}